{"id":546,"date":"2016-02-24T13:23:25","date_gmt":"2016-02-24T11:23:25","guid":{"rendered":"https:\/\/kolimisteenus24.ee\/en\/?page_id=546"},"modified":"2024-06-01T17:02:01","modified_gmt":"2024-06-01T14:02:01","slug":"partnership-offer","status":"publish","type":"page","link":"https:\/\/kolimisteenus24.ee\/en\/partnership-offer\/","title":{"rendered":"Partnership"},"content":{"rendered":"<p><span id=\"result_box\" class=\"\" lang=\"en\"><span title=\"Kallid Kliendid. \">Dear Customers.<\/span><\/span><\/p>\n<p><span title=\"Pakume pikaajalist ja l\u00fchiajalist koost\u00f6\u00f6d erinevate valdkondade eraisikutele ja ettev\u00f5tjatele. \u00a0\">We offer and provide long-term and short-term cooperation in various fields to individuals and businesses sectors.<\/span><\/p>\n<table border=\"0\" width=\"100%\" cellspacing=\"0\" cellpadding=\"4\">\n<colgroup>\n<col width=\"128*\" \/>\n<col width=\"128*\" \/> <\/colgroup>\n<tbody>\n<tr valign=\"TOP\">\n<td style=\"text-align: left;\" width=\"50%\">\u00a0<strong><span id=\"result_box\" class=\"\" lang=\"en\"><span title=\"Ettev\u00f5tjatele ja Eraisikutele \u00a0\u00a0\u00a0\u00a0\">Companies and individuals<\/span><\/span><br \/>\n<\/strong><\/p>\n<ul>\n<li><span id=\"result_box\" class=\"\" lang=\"en\"><span title=\"Transporditeenused ja kaubavedu toitlustajatele \u00a0\u00a0\u00a0\u00a0\"><span title=\"Eestisisesed ja rahvusvahelised kolimised \">Local and international moving and transport service<\/span><\/span><\/span><\/li>\n<li><span id=\"result_box\" class=\"\" lang=\"en\"><span title=\"Transporditeenused ja kaubavedu toitlustajatele \u00a0\u00a0\u00a0\u00a0\">Transport services and freight caterers<\/span><\/span><\/li>\n<li><span id=\"result_box\" class=\"\" lang=\"en\"><span title=\"Transporditeenused ja kaubavedu meditsiiniasutustele \u00a0\u00a0\u00a0\u00a0\">Transport services and freight transport in medical institutions<\/span><\/span><\/li>\n<li><span id=\"result_box\" class=\"\" lang=\"en\"><span title=\"Transporditeenused ja kaubavedu e-poodidele \u00a0\u00a0\u00a0\u00a0\">Transport services and transport goods to shops<\/span><\/span><\/li>\n<li><span id=\"result_box\" class=\"\" lang=\"en\"><span title=\"Transporditeenused ja kaubavedu m\u00f6\u00f6blipoodidele \u00a0\u00a0\u00a0\u00a0\">Transport services and freight transport for furniture stores<\/span><\/span><\/li>\n<li><span id=\"result_box\" class=\"\" lang=\"en\"><span title=\"Transporditeenused ja kaubavedu tehnikapoodidele \u00a0\u00a0\u00a0\u00a0\">Transport services and freight equipment for stores<\/span><\/span><\/li>\n<li><span id=\"result_box\" class=\"\" lang=\"en\"><span title=\"Transporditeenused ja kaubavedu lille\u00e4rile \u00a0\u00a0\u00a0\u00a0\">Transport services and freight transport for the flower business<\/span><\/span><\/li>\n<li><span id=\"result_box\" class=\"\" lang=\"en\"><span title=\"Transporditeenused ja kaubavedu kauplustele \u00a0\u00a0\u00a0\u00a0\">Transport services and transport goods to shops<\/span><\/span><\/li>\n<li><span id=\"result_box\" class=\"\" lang=\"en\"><span title=\"Transporditeenused ja kaubavedu konverentsidele ja n\u00e4itustele \u00a0\u00a0\u00a0\u00a0\">Transport services and freight for conferences and exhibitions<\/span><\/span><\/li>\n<li><span id=\"result_box\" class=\"\" lang=\"en\"><span title=\"Transporditeenused ja kaubavedu hulgikauplustele \u00a0\u00a0\u00a0\u00a0\">Transport services and freight to wholesalers<\/span><\/span><\/li>\n<li><span id=\"result_box\" class=\"\" lang=\"en\"><span title=\"Transporditeenused ja kaubavedu ehitusfirmadele \u00a0\u00a0\u00a0\u00a0\">Transport and freight services to construction companies<\/span><\/span><\/li>\n<li><span id=\"result_box\" class=\"\" lang=\"en\"><span title=\"Transporditeenused ja kaubavedu \u00f5igusb\u00fcroodele \u00a0\u00a0\u00a0\u00a0\">Transport services and freight transport fot the law companies<\/span><\/span><\/li>\n<\/ul>\n<\/td>\n<td width=\"50%\"><strong>Why to choose us?<\/strong><\/p>\n<ul>\n<li><span id=\"result_box\" class=\"\" lang=\"en\"><span title=\"Oleme paindlikud \u00a0\u00a0\u00a0\u00a0\">We are flexible<\/span><\/span><\/li>\n<li><span id=\"result_box\" class=\"\" lang=\"en\"><span title=\"T\u00f6\u00f6tame 7 p\u00e4eva n\u00e4dalas, varahommikust hilis\u00f5htuni \u00a0\u00a0\u00a0\u00a0\">We work seven days a week, from early morning until late at night<\/span><\/span><\/li>\n<li><span id=\"result_box\" class=\"\" lang=\"en\"><span title=\"M\u00f5istlikud hinnad, sooduspakkumised ja individuaalsed hinnapakkumised \u00a0\u00a0\u00a0\u00a0\">Reasonable prices, special offers and individual offers<\/span><\/span><\/li>\n<li><span id=\"result_box\" class=\"\" lang=\"en\"><span title=\"Pikaajaline kogemus \u00a0\u00a0\u00a0\u00a0\">Long-term experience<\/span><\/span><\/li>\n<li><span id=\"result_box\" class=\"\" lang=\"en\">P<span title=\"Puhtus \u00a0\u00a0\u00a0\u00a0\">urity<\/span><\/span><\/li>\n<li><span id=\"result_box\" class=\"\" lang=\"en\">T<span title=\"T\u00e4htaegsus \u00a0\u00a0\u00a0\u00a0\">imeliness<\/span><\/span><\/li>\n<li><span id=\"result_box\" class=\"\" lang=\"en\">S<span title=\"Stabiilsus \u00a0\u00a0\u00a0\u00a0\">tability<\/span><\/span><\/li>\n<li><span id=\"result_box\" class=\"\" lang=\"en\"><span title=\"Inglise, eesti ja vene keele tundmine k\u00f5rgtasemel \u00a0\u00a0\u00a0\u00a0\">English, Estonian and Russian language high knowledge<\/span><\/span><\/li>\n<li><span id=\"result_box\" class=\"\" lang=\"en\"><span title=\"Oskus t\u00f6\u00f6tada klientidega \u00a0\u00a0\u00a0\u00a0\">Ability to work in bad conditions<\/span><\/span><\/li>\n<li><span id=\"result_box\" class=\"\" lang=\"en\">S<span title=\"Kiirus \u00a0\u00a0\u00a0\u00a0\">peed<\/span><\/span><\/li>\n<li><span id=\"result_box\" class=\"\" lang=\"en\"><\/span><span id=\"result_box\" class=\"\" lang=\"en\"><span title=\"Hea organiseerimis- ja logistikaoskus \">Good organizational and logistical skil<\/span><\/span><span id=\"result_box\" class=\"\" lang=\"en\"><span title=\"Hea organiseerimis- ja logistikaoskus \">ls<\/span><\/span><\/li>\n<\/ul>\n<\/td>\n<\/tr>\n<\/tbody>\n<\/table>\n<p style=\"text-align: center;\"><strong><span id=\"result_box\" class=\"\" lang=\"en\"><span title=\"Teie eelised t\u00f6\u00f6tades koos meiega \u00a0\u00a0\u00a0\u00a0\">Your advantages of working with us<\/span><\/span><\/strong><\/p>\n<ul>\n<li style=\"text-align: center;\"><span id=\"result_box\" class=\"\" lang=\"en\"><span title=\"Saate rohkem p\u00fchendada oma asjadele, t\u00f6\u00f6le, perekonnale \u00a0\u00a0\u00a0\u00a0\">You can dedicate more of your affairs, work, family<\/span><\/span><\/li>\n<li style=\"text-align: center;\"><span id=\"result_box\" class=\"\" lang=\"en\"><span title=\"Hoiate kokku oma aega, raha ja resursse \">You will save your time, money, and the resource<\/span><\/span><\/li>\n<\/ul>\n<p style=\"text-align: right;\"><span id=\"result_box\" class=\"\" lang=\"en\"><span title=\"Kui Teil on mingisuguseid k\u00fcsimusi, ideid, m\u00f5tteid, kirjutage julgesti \">If you have any questions, ideas, thoughts, feel free to write<br \/>\n<\/span><span title=\"info@uksestukseni.ee v\u00f5i helistage 56 88 87 87 \"><strong>info@uksestukseni.ee<\/strong> or call <strong>+372 56 88 87 87<\/strong><\/span><\/span><\/p>\n\n<div class=\"wpcf7 no-js\" id=\"wpcf7-f557-o1\" lang=\"et\" dir=\"ltr\" data-wpcf7-id=\"557\">\n<div class=\"screen-reader-response\"><p role=\"status\" aria-live=\"polite\" aria-atomic=\"true\"><\/p> <ul><\/ul><\/div>\n<form action=\"\/en\/wp-json\/wp\/v2\/pages\/546#wpcf7-f557-o1\" method=\"post\" class=\"wpcf7-form init\" aria-label=\"Contact form\" novalidate=\"novalidate\" data-status=\"init\">\n<fieldset class=\"hidden-fields-container\"><input type=\"hidden\" name=\"_wpcf7\" value=\"557\" \/><input type=\"hidden\" name=\"_wpcf7_version\" value=\"6.1.4\" \/><input type=\"hidden\" name=\"_wpcf7_locale\" value=\"et\" \/><input type=\"hidden\" name=\"_wpcf7_unit_tag\" value=\"wpcf7-f557-o1\" \/><input type=\"hidden\" name=\"_wpcf7_container_post\" value=\"0\" \/><input type=\"hidden\" name=\"_wpcf7_posted_data_hash\" value=\"\" \/><input type=\"hidden\" name=\"_wpcf7_recaptcha_response\" value=\"\" \/>\n<\/fieldset>\n<p>Name (required)\n<\/p>\n<p><span class=\"wpcf7-form-control-wrap\" data-name=\"your-name\"><input size=\"40\" maxlength=\"400\" class=\"wpcf7-form-control wpcf7-text wpcf7-validates-as-required\" aria-required=\"true\" aria-invalid=\"false\" value=\"\" type=\"text\" name=\"your-name\" \/><\/span>\n<\/p>\n<p>Email (required)\n<\/p>\n<p><span class=\"wpcf7-form-control-wrap\" data-name=\"your-email\"><input size=\"40\" maxlength=\"400\" class=\"wpcf7-form-control wpcf7-email wpcf7-validates-as-required wpcf7-text wpcf7-validates-as-email\" aria-required=\"true\" aria-invalid=\"false\" value=\"\" type=\"email\" name=\"your-email\" \/><\/span>\n<\/p>\n<p>Questions \/ thoughts \/ ideas\n<\/p>\n<p><span class=\"wpcf7-form-control-wrap\" data-name=\"your-message\"><textarea cols=\"40\" rows=\"10\" maxlength=\"2000\" class=\"wpcf7-form-control wpcf7-textarea\" aria-invalid=\"false\" name=\"your-message\"><\/textarea><\/span>\n<\/p>\n<p><input class=\"wpcf7-form-control wpcf7-submit has-spinner\" type=\"submit\" value=\"Send\" \/>\n<\/p><input\n                    class=\"apbct_special_field apbct_email_id__wp_contact_form_7\"\n                    name=\"apbct__email_id__wp_contact_form_7\"\n                    aria-label=\"apbct__label_id__wp_contact_form_7\"\n                    type=\"text\" size=\"30\" maxlength=\"200\" autocomplete=\"off\"\n                    value=\"\"\n                \/><p style=\"display: none !important;\" class=\"akismet-fields-container\" data-prefix=\"_wpcf7_ak_\"><label>&#916;<textarea name=\"_wpcf7_ak_hp_textarea\" cols=\"45\" rows=\"8\" maxlength=\"100\"><\/textarea><\/label><input type=\"hidden\" id=\"ak_js_1\" name=\"_wpcf7_ak_js\" value=\"64\"\/><script>document.getElementById( \"ak_js_1\" ).setAttribute( \"value\", ( new Date() ).getTime() );<\/script><\/p><div class=\"wpcf7-response-output\" aria-hidden=\"true\"><\/div>\n<\/form>\n<\/div>\n\n","protected":false},"excerpt":{"rendered":"<p>Dear Customers. We offer and provide long-term and short-term cooperation in various fields to individuals and businesses sectors. \u00a0Companies and individuals Local and international moving and transport service Transport services and freight caterers Transport services and freight transport in medical institutions Transport services and transport goods to shops Transport services and freight transport for furniture [&hellip;]<\/p>\n","protected":false},"author":1,"featured_media":0,"parent":0,"menu_order":0,"comment_status":"closed","ping_status":"closed","template":"","meta":{"footnotes":""},"class_list":["post-546","page","type-page","status-publish"],"yoast_head":"<!-- This site is optimized with the Yoast SEO plugin v26.7 - https:\/\/yoast.com\/wordpress\/plugins\/seo\/ -->\n<title>Partnership - Kolimisteenus, kodu ja kontori kolimine<\/title>\n<meta name=\"robots\" content=\"index, follow, max-snippet:-1, max-image-preview:large, max-video-preview:-1\" \/>\n<link rel=\"canonical\" href=\"https:\/\/kolimisteenus24.ee\/en\/partnership-offer\/\" \/>\n<meta property=\"og:locale\" content=\"en_US\" \/>\n<meta property=\"og:type\" content=\"article\" \/>\n<meta property=\"og:title\" content=\"Partnership - Kolimisteenus, kodu ja kontori kolimine\" \/>\n<meta property=\"og:description\" content=\"Dear Customers. We offer and provide long-term and short-term cooperation in various fields to individuals and businesses sectors. \u00a0Companies and individuals Local and international moving and transport service Transport services and freight caterers Transport services and freight transport in medical institutions Transport services and transport goods to shops Transport services and freight transport for furniture [&hellip;]\" \/>\n<meta property=\"og:url\" content=\"https:\/\/kolimisteenus24.ee\/en\/partnership-offer\/\" \/>\n<meta property=\"og:site_name\" content=\"Kolimisteenus, kodu ja kontori kolimine\" \/>\n<meta property=\"article:publisher\" content=\"https:\/\/www.facebook.com\/uksesukseni\" \/>\n<meta property=\"article:modified_time\" content=\"2024-06-01T14:02:01+00:00\" \/>\n<meta name=\"twitter:card\" content=\"summary_large_image\" \/>\n<meta name=\"twitter:label1\" content=\"Est. reading time\" \/>\n\t<meta name=\"twitter:data1\" content=\"2 minutes\" \/>\n<script type=\"application\/ld+json\" class=\"yoast-schema-graph\">{\"@context\":\"https:\/\/schema.org\",\"@graph\":[{\"@type\":\"WebPage\",\"@id\":\"https:\/\/kolimisteenus24.ee\/en\/partnership-offer\/\",\"url\":\"https:\/\/kolimisteenus24.ee\/en\/partnership-offer\/\",\"name\":\"Partnership - Kolimisteenus, kodu ja kontori kolimine\",\"isPartOf\":{\"@id\":\"https:\/\/kolimisteenus24.ee\/#website\"},\"datePublished\":\"2016-02-24T11:23:25+00:00\",\"dateModified\":\"2024-06-01T14:02:01+00:00\",\"breadcrumb\":{\"@id\":\"https:\/\/kolimisteenus24.ee\/en\/partnership-offer\/#breadcrumb\"},\"inLanguage\":\"en-US\",\"potentialAction\":[{\"@type\":\"ReadAction\",\"target\":[\"https:\/\/kolimisteenus24.ee\/en\/partnership-offer\/\"]}]},{\"@type\":\"BreadcrumbList\",\"@id\":\"https:\/\/kolimisteenus24.ee\/en\/partnership-offer\/#breadcrumb\",\"itemListElement\":[{\"@type\":\"ListItem\",\"position\":1,\"name\":\"Home\",\"item\":\"https:\/\/kolimisteenus24.ee\/en\/main\/\"},{\"@type\":\"ListItem\",\"position\":2,\"name\":\"Partnership\"}]},{\"@type\":\"WebSite\",\"@id\":\"https:\/\/kolimisteenus24.ee\/#website\",\"url\":\"https:\/\/kolimisteenus24.ee\/\",\"name\":\"Kolimisteenus, kodu ja kontori kolimine\",\"description\":\"Kolimisteenus, kodu ja kontori kolimine\",\"potentialAction\":[{\"@type\":\"SearchAction\",\"target\":{\"@type\":\"EntryPoint\",\"urlTemplate\":\"https:\/\/kolimisteenus24.ee\/?s={search_term_string}\"},\"query-input\":{\"@type\":\"PropertyValueSpecification\",\"valueRequired\":true,\"valueName\":\"search_term_string\"}}],\"inLanguage\":\"en-US\"}]}<\/script>\n<!-- \/ Yoast SEO plugin. -->","yoast_head_json":{"title":"Partnership - Kolimisteenus, kodu ja kontori kolimine","robots":{"index":"index","follow":"follow","max-snippet":"max-snippet:-1","max-image-preview":"max-image-preview:large","max-video-preview":"max-video-preview:-1"},"canonical":"https:\/\/kolimisteenus24.ee\/en\/partnership-offer\/","og_locale":"en_US","og_type":"article","og_title":"Partnership - Kolimisteenus, kodu ja kontori kolimine","og_description":"Dear Customers. We offer and provide long-term and short-term cooperation in various fields to individuals and businesses sectors. \u00a0Companies and individuals Local and international moving and transport service Transport services and freight caterers Transport services and freight transport in medical institutions Transport services and transport goods to shops Transport services and freight transport for furniture [&hellip;]","og_url":"https:\/\/kolimisteenus24.ee\/en\/partnership-offer\/","og_site_name":"Kolimisteenus, kodu ja kontori kolimine","article_publisher":"https:\/\/www.facebook.com\/uksesukseni","article_modified_time":"2024-06-01T14:02:01+00:00","twitter_card":"summary_large_image","twitter_misc":{"Est. reading time":"2 minutes"},"schema":{"@context":"https:\/\/schema.org","@graph":[{"@type":"WebPage","@id":"https:\/\/kolimisteenus24.ee\/en\/partnership-offer\/","url":"https:\/\/kolimisteenus24.ee\/en\/partnership-offer\/","name":"Partnership - Kolimisteenus, kodu ja kontori kolimine","isPartOf":{"@id":"https:\/\/kolimisteenus24.ee\/#website"},"datePublished":"2016-02-24T11:23:25+00:00","dateModified":"2024-06-01T14:02:01+00:00","breadcrumb":{"@id":"https:\/\/kolimisteenus24.ee\/en\/partnership-offer\/#breadcrumb"},"inLanguage":"en-US","potentialAction":[{"@type":"ReadAction","target":["https:\/\/kolimisteenus24.ee\/en\/partnership-offer\/"]}]},{"@type":"BreadcrumbList","@id":"https:\/\/kolimisteenus24.ee\/en\/partnership-offer\/#breadcrumb","itemListElement":[{"@type":"ListItem","position":1,"name":"Home","item":"https:\/\/kolimisteenus24.ee\/en\/main\/"},{"@type":"ListItem","position":2,"name":"Partnership"}]},{"@type":"WebSite","@id":"https:\/\/kolimisteenus24.ee\/#website","url":"https:\/\/kolimisteenus24.ee\/","name":"Kolimisteenus, kodu ja kontori kolimine","description":"Kolimisteenus, kodu ja kontori kolimine","potentialAction":[{"@type":"SearchAction","target":{"@type":"EntryPoint","urlTemplate":"https:\/\/kolimisteenus24.ee\/?s={search_term_string}"},"query-input":{"@type":"PropertyValueSpecification","valueRequired":true,"valueName":"search_term_string"}}],"inLanguage":"en-US"}]}},"_links":{"self":[{"href":"https:\/\/kolimisteenus24.ee\/en\/wp-json\/wp\/v2\/pages\/546","targetHints":{"allow":["GET"]}}],"collection":[{"href":"https:\/\/kolimisteenus24.ee\/en\/wp-json\/wp\/v2\/pages"}],"about":[{"href":"https:\/\/kolimisteenus24.ee\/en\/wp-json\/wp\/v2\/types\/page"}],"author":[{"embeddable":true,"href":"https:\/\/kolimisteenus24.ee\/en\/wp-json\/wp\/v2\/users\/1"}],"replies":[{"embeddable":true,"href":"https:\/\/kolimisteenus24.ee\/en\/wp-json\/wp\/v2\/comments?post=546"}],"version-history":[{"count":4,"href":"https:\/\/kolimisteenus24.ee\/en\/wp-json\/wp\/v2\/pages\/546\/revisions"}],"predecessor-version":[{"id":1634,"href":"https:\/\/kolimisteenus24.ee\/en\/wp-json\/wp\/v2\/pages\/546\/revisions\/1634"}],"wp:attachment":[{"href":"https:\/\/kolimisteenus24.ee\/en\/wp-json\/wp\/v2\/media?parent=546"}],"curies":[{"name":"wp","href":"https:\/\/api.w.org\/{rel}","templated":true}]}}