{"id":1149,"date":"2017-03-08T19:05:30","date_gmt":"2017-03-08T17:05:30","guid":{"rendered":"https:\/\/kolimisteenus24.ee\/ru\/?page_id=1149"},"modified":"2017-03-08T19:05:30","modified_gmt":"2017-03-08T17:05:30","slug":"%d0%bf%d0%b5%d1%80%d0%b5%d0%b5%d0%b7%d0%b4-%d0%ba%d0%b2%d0%b0%d1%80%d1%82%d0%b8%d1%80","status":"publish","type":"page","link":"https:\/\/kolimisteenus24.ee\/ru\/%d0%bf%d0%b5%d1%80%d0%b5%d0%b5%d0%b7%d0%b4-%d0%ba%d0%b2%d0%b0%d1%80%d1%82%d0%b8%d1%80\/","title":{"rendered":"\u041f\u0435\u0440\u0435\u0435\u0437\u0434 \u043a\u0432\u0430\u0440\u0442\u0438\u0440"},"content":{"rendered":"<p><strong>\u041f\u043e\u043c\u043e\u0449\u044c \u043f\u0440\u0438 \u043f\u0435\u0440\u0435\u0435\u0437\u0434\u0435, \u043f\u0435\u0440\u0435\u0435\u0437\u0434, \u043f\u0435\u0440\u0435\u0435\u0437\u0434\u044b, \u0433\u0440\u0443\u0437\u0447\u0438\u043a\u0438, \u0442\u0440\u0430\u043d\u0441\u043f\u043e\u0440\u0442<\/strong><\/p>\n<p>\u041f\u043e\u043c\u043e\u0449\u044c \u043f\u0440\u0438 \u043f\u0435\u0440\u0435\u0435\u0437\u0434\u0435, \u0441\u0434\u0435\u043b\u0430\u0435\u043c \u043f\u0435\u0440\u0435\u0435\u0437\u0434 \u043a\u0432\u0430\u0440\u0442\u0438\u0440\u0435, \u043e\u0444\u0438\u0441\u0443, \u043f\u0440\u043e\u0441\u0442\u043e \u043f\u0435\u0440\u0435\u0432\u0435\u0437\u0435\u043c \u0432\u0435\u0449\u0438 \u043b\u044e\u0431\u044b\u0445 \u0433\u0430\u0431\u0430\u0440\u0438\u0442\u043e\u0432, \u0438\u043b\u0438 \u043f\u0440\u0438\u0432\u0435\u0437\u0435\u043c \u043a\u0443\u043f\u043b\u0435\u043d\u043d\u0443\u044e \u043c\u0435\u0431\u0435\u043b\u044c\/\u0441\u0430\u043d\u0442\u0435\u0445\u043d\u0438\u043a\u0443. \u041f\u0440\u0435\u0434\u043e\u0441\u0442\u0430\u0432\u043b\u044f\u0435\u043c \u0433\u0440\u0443\u0437\u0447\u0438\u043a\u043e\u0432 \u0432 \u043f\u043e\u043c\u043e\u0449\u044c, \u0430 \u0442\u0430\u043a\u0436\u0435 \u0432\u044b\u0432\u043e\u0437\u0438\u043c \u043c\u0443\u0441\u043e\u0440, \u043d\u0435\u043d\u0443\u0436\u043d\u0443\u044e \u043c\u0435\u0431\u0435\u043b\u044c, \u043f\u043e\u043c\u043e\u0449\u044c \u0432 \u0441\u0431\u043e\u0440\u043a\u0435 \u043c\u0435\u0431\u0435\u043b\u0438. \u041e\u0431\u0440\u0430\u0449\u0430\u0439\u0442\u0435\u0441\u044c, \u0441\u0434\u0435\u043b\u0430\u044e \u0445\u043e\u0440\u043e\u0448\u043e\u0435 \u043f\u0440\u0435\u0434\u043b\u043e\u0436\u0435\u043d\u0438\u0435<\/p>\n<p>\u041f\u0440\u0435\u0434\u043e\u0441\u0442\u0430\u0432\u043b\u044f\u0435\u043c \u0443\u0441\u043b\u0443\u0433\u0438 \u043f\u043e \u043f\u0435\u0440\u0435\u0435\u0437\u0434\u0430\u043c:<\/p>\n<p><img decoding=\"async\" class=\"wp-image-646\" src=\"https:\/\/kolimisteenus24.ee\/wp-content\/uploads\/2016\/02\/330952.jpg\" sizes=\"(max-width: 354px) 100vw, 354px\" srcset=\"https:\/\/kolimisteenus24.ee\/wp-content\/uploads\/2016\/02\/330952-300x225.jpg 300w, https:\/\/kolimisteenus24.ee\/wp-content\/uploads\/2016\/02\/330952-320x240.jpg 320w, https:\/\/kolimisteenus24.ee\/wp-content\/uploads\/2016\/02\/330952.jpg 628w\" alt=\"kolimisteenus24, uksestukseni, kolimisteenus, kolimine, pr\u00fcgi \u00e4ravedu. m\u00f6\u00f6bli montaa\u017e, abi kolimisel, \u043f\u0435\u0440\u0435\u0437\u0434\u044b, \u043f\u043e\u043c\u043e\u0449\u044c \u043f\u0440\u0438 \u043f\u0435\u0440\u0435\u0437\u0434\u0435, \u0442\u0440\u0430\u043d\u0441\u043f\u043e\u0440\u0442\u043d\u044b\u0435 \u0443\u0441\u043b\u0443\u0433\u0438, \u0433\u0440\u0443\u0437\u043e\u043f\u0435\u0440\u0435\u0432\u043e\u0437\u043a\u0438, \u043a\u0443\u0440\u044c\u0435\u0440, kiirkuller, kuller, kullerteenus, kiirkullerteenus\" width=\"354\" height=\"266\" \/><\/p>\n<ul>\n<li>\u0423\u0441\u043b\u0443\u0433\u0438 \u043f\u043e \u043f\u0435\u0440\u0435\u0435\u0437\u0434\u0443 \u043a\u0432\u0430\u0440\u0442\u0438\u0440\u044b<\/li>\n<li>\u0423\u0441\u043b\u0443\u0433\u0438 \u043f\u043e \u043f\u0435\u0440\u0435\u0435\u0437\u0434\u0443 \u0434\u0430\u0447\u0438<\/li>\n<li>\u0423\u0441\u043b\u0443\u0433\u0438 \u043f\u043e \u043f\u0435\u0440\u0435\u0435\u0437\u0434\u0443 \u043a\u043e\u043d\u0442\u043e\u0440\u0441\u043a\u0438\u0445 \u043f\u043e\u043c\u0435\u0449\u0435\u043d\u0438\u0439<\/li>\n<li>\u0423\u0441\u043b\u0443\u0433\u0438 \u043f\u043e \u043f\u0435\u0440\u0435\u0435\u0437\u0434\u0443 \u0431\u044e\u0440\u043e<\/li>\n<li>\u0423\u0441\u043b\u0443\u0433\u0438 \u043f\u043e \u043f\u0435\u0440\u0435\u0435\u0437\u0434\u0443 \u0433\u0430\u0440\u0430\u0436\u0435\u0439<\/li>\n<li>\u0423\u0441\u043b\u0443\u0433\u0438 \u043f\u043e \u043f\u0435\u0440\u0435\u0435\u0437\u0434\u0443 \u043f\u043e\u0434\u0432\u0430\u043b\u043e\u0432<\/li>\n<li>\u0423\u0441\u043b\u0443\u0433\u0438 \u043f\u043e \u043f\u0435\u0440\u0435\u0435\u0437\u0434\u0443 \u0447\u0430\u0441\u0442\u043d\u044b\u0445 \u0434\u043e\u043c\u043e\u0432<\/li>\n<li>\u0423\u0441\u043b\u0443\u0433\u0438 \u043f\u043e \u043f\u0435\u0440\u0435\u0435\u0437\u0434\u0443 \u0432\u044b\u0441\u0442\u0430\u0432\u043e\u043a<\/li>\n<li>\u0423\u0441\u043b\u0443\u0433\u0438 \u043f\u043e \u043f\u0435\u0440\u0435\u0435\u0437\u0434\u0443 \u043f\u0430\u0432\u0438\u043b\u044c\u043e\u043d\u043e\u0432 \u0438 \u043f\u0440\u043e\u0447\u0435\u0435<\/li>\n<li>\u0412\u044b\u0432\u043e\u0437 \u043c\u0435\u0431\u0435\u043b\u0438<\/li>\n<li>\u0412\u044b\u0432\u043e\u0437 \u043c\u0443\u0441\u043e\u0440\u0430<\/li>\n<li>\u041f\u0435\u0440\u0435\u0432\u043e\u0437\u043a\u0430 \u043f\u0438\u0430\u043d\u0438\u043d\u043e, \u0441\u0435\u0439\u0444\u043e\u0432, \u0432\u0441\u0435\u0433\u043e \u0433\u0430\u0431\u0430\u0440\u0438\u0442\u043d\u043e\u0433\u043e )<\/li>\n<\/ul>\n","protected":false},"excerpt":{"rendered":"<p>\u041f\u043e\u043c\u043e\u0449\u044c \u043f\u0440\u0438 \u043f\u0435\u0440\u0435\u0435\u0437\u0434\u0435, \u043f\u0435\u0440\u0435\u0435\u0437\u0434, \u043f\u0435\u0440\u0435\u0435\u0437\u0434\u044b, \u0433\u0440\u0443\u0437\u0447\u0438\u043a\u0438, \u0442\u0440\u0430\u043d\u0441\u043f\u043e\u0440\u0442 \u041f\u043e\u043c\u043e\u0449\u044c \u043f\u0440\u0438 \u043f\u0435\u0440\u0435\u0435\u0437\u0434\u0435, \u0441\u0434\u0435\u043b\u0430\u0435\u043c \u043f\u0435\u0440\u0435\u0435\u0437\u0434 \u043a\u0432\u0430\u0440\u0442\u0438\u0440\u0435, \u043e\u0444\u0438\u0441\u0443, \u043f\u0440\u043e\u0441\u0442\u043e \u043f\u0435\u0440\u0435\u0432\u0435\u0437\u0435\u043c \u0432\u0435\u0449\u0438 \u043b\u044e\u0431\u044b\u0445 \u0433\u0430\u0431\u0430\u0440\u0438\u0442\u043e\u0432, \u0438\u043b\u0438 \u043f\u0440\u0438\u0432\u0435\u0437\u0435\u043c \u043a\u0443\u043f\u043b\u0435\u043d\u043d\u0443\u044e \u043c\u0435\u0431\u0435\u043b\u044c\/\u0441\u0430\u043d\u0442\u0435\u0445\u043d\u0438\u043a\u0443. \u041f\u0440\u0435\u0434\u043e\u0441\u0442\u0430\u0432\u043b\u044f\u0435\u043c \u0433\u0440\u0443\u0437\u0447\u0438\u043a\u043e\u0432 \u0432 \u043f\u043e\u043c\u043e\u0449\u044c, \u0430 \u0442\u0430\u043a\u0436\u0435 \u0432\u044b\u0432\u043e\u0437\u0438\u043c \u043c\u0443\u0441\u043e\u0440, \u043d\u0435\u043d\u0443\u0436\u043d\u0443\u044e \u043c\u0435\u0431\u0435\u043b\u044c, \u043f\u043e\u043c\u043e\u0449\u044c \u0432 \u0441\u0431\u043e\u0440\u043a\u0435 \u043c\u0435\u0431\u0435\u043b\u0438. \u041e\u0431\u0440\u0430\u0449\u0430\u0439\u0442\u0435\u0441\u044c, \u0441\u0434\u0435\u043b\u0430\u044e \u0445\u043e\u0440\u043e\u0448\u043e\u0435 \u043f\u0440\u0435\u0434\u043b\u043e\u0436\u0435\u043d\u0438\u0435 \u041f\u0440\u0435\u0434\u043e\u0441\u0442\u0430\u0432\u043b\u044f\u0435\u043c \u0443\u0441\u043b\u0443\u0433\u0438 \u043f\u043e \u043f\u0435\u0440\u0435\u0435\u0437\u0434\u0430\u043c: \u0423\u0441\u043b\u0443\u0433\u0438 \u043f\u043e \u043f\u0435\u0440\u0435\u0435\u0437\u0434\u0443 \u043a\u0432\u0430\u0440\u0442\u0438\u0440\u044b \u0423\u0441\u043b\u0443\u0433\u0438 \u043f\u043e \u043f\u0435\u0440\u0435\u0435\u0437\u0434\u0443 \u0434\u0430\u0447\u0438 \u0423\u0441\u043b\u0443\u0433\u0438 \u043f\u043e [&hellip;]<\/p>\n","protected":false},"author":1,"featured_media":0,"parent":0,"menu_order":0,"comment_status":"closed","ping_status":"closed","template":"","meta":{"footnotes":""},"class_list":["post-1149","page","type-page","status-publish"],"yoast_head":"<!-- This site is optimized with the Yoast SEO plugin v26.7 - https:\/\/yoast.com\/wordpress\/plugins\/seo\/ -->\n<title>\u041f\u0435\u0440\u0435\u0435\u0437\u0434 \u043a\u0432\u0430\u0440\u0442\u0438\u0440 - Kolimisteenus, kodu ja kontori kolimine<\/title>\n<meta name=\"robots\" content=\"index, follow, max-snippet:-1, max-image-preview:large, max-video-preview:-1\" \/>\n<link rel=\"canonical\" href=\"https:\/\/kolimisteenus24.ee\/ru\/\u043f\u0435\u0440\u0435\u0435\u0437\u0434-\u043a\u0432\u0430\u0440\u0442\u0438\u0440\/\" \/>\n<meta property=\"og:locale\" content=\"ru_RU\" \/>\n<meta property=\"og:type\" content=\"article\" \/>\n<meta property=\"og:title\" content=\"\u041f\u0435\u0440\u0435\u0435\u0437\u0434 \u043a\u0432\u0430\u0440\u0442\u0438\u0440 - Kolimisteenus, kodu ja kontori kolimine\" \/>\n<meta property=\"og:description\" content=\"\u041f\u043e\u043c\u043e\u0449\u044c \u043f\u0440\u0438 \u043f\u0435\u0440\u0435\u0435\u0437\u0434\u0435, \u043f\u0435\u0440\u0435\u0435\u0437\u0434, \u043f\u0435\u0440\u0435\u0435\u0437\u0434\u044b, \u0433\u0440\u0443\u0437\u0447\u0438\u043a\u0438, \u0442\u0440\u0430\u043d\u0441\u043f\u043e\u0440\u0442 \u041f\u043e\u043c\u043e\u0449\u044c \u043f\u0440\u0438 \u043f\u0435\u0440\u0435\u0435\u0437\u0434\u0435, \u0441\u0434\u0435\u043b\u0430\u0435\u043c \u043f\u0435\u0440\u0435\u0435\u0437\u0434 \u043a\u0432\u0430\u0440\u0442\u0438\u0440\u0435, \u043e\u0444\u0438\u0441\u0443, \u043f\u0440\u043e\u0441\u0442\u043e \u043f\u0435\u0440\u0435\u0432\u0435\u0437\u0435\u043c \u0432\u0435\u0449\u0438 \u043b\u044e\u0431\u044b\u0445 \u0433\u0430\u0431\u0430\u0440\u0438\u0442\u043e\u0432, \u0438\u043b\u0438 \u043f\u0440\u0438\u0432\u0435\u0437\u0435\u043c \u043a\u0443\u043f\u043b\u0435\u043d\u043d\u0443\u044e \u043c\u0435\u0431\u0435\u043b\u044c\/\u0441\u0430\u043d\u0442\u0435\u0445\u043d\u0438\u043a\u0443. \u041f\u0440\u0435\u0434\u043e\u0441\u0442\u0430\u0432\u043b\u044f\u0435\u043c \u0433\u0440\u0443\u0437\u0447\u0438\u043a\u043e\u0432 \u0432 \u043f\u043e\u043c\u043e\u0449\u044c, \u0430 \u0442\u0430\u043a\u0436\u0435 \u0432\u044b\u0432\u043e\u0437\u0438\u043c \u043c\u0443\u0441\u043e\u0440, \u043d\u0435\u043d\u0443\u0436\u043d\u0443\u044e \u043c\u0435\u0431\u0435\u043b\u044c, \u043f\u043e\u043c\u043e\u0449\u044c \u0432 \u0441\u0431\u043e\u0440\u043a\u0435 \u043c\u0435\u0431\u0435\u043b\u0438. \u041e\u0431\u0440\u0430\u0449\u0430\u0439\u0442\u0435\u0441\u044c, \u0441\u0434\u0435\u043b\u0430\u044e \u0445\u043e\u0440\u043e\u0448\u043e\u0435 \u043f\u0440\u0435\u0434\u043b\u043e\u0436\u0435\u043d\u0438\u0435 \u041f\u0440\u0435\u0434\u043e\u0441\u0442\u0430\u0432\u043b\u044f\u0435\u043c \u0443\u0441\u043b\u0443\u0433\u0438 \u043f\u043e \u043f\u0435\u0440\u0435\u0435\u0437\u0434\u0430\u043c: \u0423\u0441\u043b\u0443\u0433\u0438 \u043f\u043e \u043f\u0435\u0440\u0435\u0435\u0437\u0434\u0443 \u043a\u0432\u0430\u0440\u0442\u0438\u0440\u044b \u0423\u0441\u043b\u0443\u0433\u0438 \u043f\u043e \u043f\u0435\u0440\u0435\u0435\u0437\u0434\u0443 \u0434\u0430\u0447\u0438 \u0423\u0441\u043b\u0443\u0433\u0438 \u043f\u043e [&hellip;]\" \/>\n<meta property=\"og:url\" content=\"https:\/\/kolimisteenus24.ee\/ru\/\u043f\u0435\u0440\u0435\u0435\u0437\u0434-\u043a\u0432\u0430\u0440\u0442\u0438\u0440\/\" \/>\n<meta property=\"og:site_name\" content=\"Kolimisteenus, kodu ja kontori kolimine\" \/>\n<meta property=\"article:publisher\" content=\"https:\/\/www.facebook.com\/uksesukseni\" \/>\n<meta property=\"og:image\" content=\"https:\/\/kolimisteenus24.ee\/wp-content\/uploads\/2016\/02\/330952.jpg\" \/>\n<meta name=\"twitter:card\" content=\"summary_large_image\" \/>\n<script type=\"application\/ld+json\" class=\"yoast-schema-graph\">{\"@context\":\"https:\/\/schema.org\",\"@graph\":[{\"@type\":\"WebPage\",\"@id\":\"https:\/\/kolimisteenus24.ee\/ru\/%d0%bf%d0%b5%d1%80%d0%b5%d0%b5%d0%b7%d0%b4-%d0%ba%d0%b2%d0%b0%d1%80%d1%82%d0%b8%d1%80\/\",\"url\":\"https:\/\/kolimisteenus24.ee\/ru\/%d0%bf%d0%b5%d1%80%d0%b5%d0%b5%d0%b7%d0%b4-%d0%ba%d0%b2%d0%b0%d1%80%d1%82%d0%b8%d1%80\/\",\"name\":\"\u041f\u0435\u0440\u0435\u0435\u0437\u0434 \u043a\u0432\u0430\u0440\u0442\u0438\u0440 - Kolimisteenus, kodu ja kontori kolimine\",\"isPartOf\":{\"@id\":\"https:\/\/kolimisteenus24.ee\/#website\"},\"primaryImageOfPage\":{\"@id\":\"https:\/\/kolimisteenus24.ee\/ru\/%d0%bf%d0%b5%d1%80%d0%b5%d0%b5%d0%b7%d0%b4-%d0%ba%d0%b2%d0%b0%d1%80%d1%82%d0%b8%d1%80\/#primaryimage\"},\"image\":{\"@id\":\"https:\/\/kolimisteenus24.ee\/ru\/%d0%bf%d0%b5%d1%80%d0%b5%d0%b5%d0%b7%d0%b4-%d0%ba%d0%b2%d0%b0%d1%80%d1%82%d0%b8%d1%80\/#primaryimage\"},\"thumbnailUrl\":\"https:\/\/kolimisteenus24.ee\/wp-content\/uploads\/2016\/02\/330952.jpg\",\"datePublished\":\"2017-03-08T17:05:30+00:00\",\"breadcrumb\":{\"@id\":\"https:\/\/kolimisteenus24.ee\/ru\/%d0%bf%d0%b5%d1%80%d0%b5%d0%b5%d0%b7%d0%b4-%d0%ba%d0%b2%d0%b0%d1%80%d1%82%d0%b8%d1%80\/#breadcrumb\"},\"inLanguage\":\"ru-RU\",\"potentialAction\":[{\"@type\":\"ReadAction\",\"target\":[\"https:\/\/kolimisteenus24.ee\/ru\/%d0%bf%d0%b5%d1%80%d0%b5%d0%b5%d0%b7%d0%b4-%d0%ba%d0%b2%d0%b0%d1%80%d1%82%d0%b8%d1%80\/\"]}]},{\"@type\":\"ImageObject\",\"inLanguage\":\"ru-RU\",\"@id\":\"https:\/\/kolimisteenus24.ee\/ru\/%d0%bf%d0%b5%d1%80%d0%b5%d0%b5%d0%b7%d0%b4-%d0%ba%d0%b2%d0%b0%d1%80%d1%82%d0%b8%d1%80\/#primaryimage\",\"url\":\"https:\/\/kolimisteenus24.ee\/wp-content\/uploads\/2016\/02\/330952.jpg\",\"contentUrl\":\"https:\/\/kolimisteenus24.ee\/wp-content\/uploads\/2016\/02\/330952.jpg\"},{\"@type\":\"BreadcrumbList\",\"@id\":\"https:\/\/kolimisteenus24.ee\/ru\/%d0%bf%d0%b5%d1%80%d0%b5%d0%b5%d0%b7%d0%b4-%d0%ba%d0%b2%d0%b0%d1%80%d1%82%d0%b8%d1%80\/#breadcrumb\",\"itemListElement\":[{\"@type\":\"ListItem\",\"position\":1,\"name\":\"Home\",\"item\":\"https:\/\/kolimisteenus24.ee\/ru\/\"},{\"@type\":\"ListItem\",\"position\":2,\"name\":\"\u041f\u0435\u0440\u0435\u0435\u0437\u0434 \u043a\u0432\u0430\u0440\u0442\u0438\u0440\"}]},{\"@type\":\"WebSite\",\"@id\":\"https:\/\/kolimisteenus24.ee\/#website\",\"url\":\"https:\/\/kolimisteenus24.ee\/\",\"name\":\"Kolimisteenus, kodu ja kontori kolimine\",\"description\":\"Kolimisteenus, kodu ja kontori kolimine\",\"potentialAction\":[{\"@type\":\"SearchAction\",\"target\":{\"@type\":\"EntryPoint\",\"urlTemplate\":\"https:\/\/kolimisteenus24.ee\/?s={search_term_string}\"},\"query-input\":{\"@type\":\"PropertyValueSpecification\",\"valueRequired\":true,\"valueName\":\"search_term_string\"}}],\"inLanguage\":\"ru-RU\"}]}<\/script>\n<!-- \/ Yoast SEO plugin. -->","yoast_head_json":{"title":"\u041f\u0435\u0440\u0435\u0435\u0437\u0434 \u043a\u0432\u0430\u0440\u0442\u0438\u0440 - Kolimisteenus, kodu ja kontori kolimine","robots":{"index":"index","follow":"follow","max-snippet":"max-snippet:-1","max-image-preview":"max-image-preview:large","max-video-preview":"max-video-preview:-1"},"canonical":"https:\/\/kolimisteenus24.ee\/ru\/\u043f\u0435\u0440\u0435\u0435\u0437\u0434-\u043a\u0432\u0430\u0440\u0442\u0438\u0440\/","og_locale":"ru_RU","og_type":"article","og_title":"\u041f\u0435\u0440\u0435\u0435\u0437\u0434 \u043a\u0432\u0430\u0440\u0442\u0438\u0440 - Kolimisteenus, kodu ja kontori kolimine","og_description":"\u041f\u043e\u043c\u043e\u0449\u044c \u043f\u0440\u0438 \u043f\u0435\u0440\u0435\u0435\u0437\u0434\u0435, \u043f\u0435\u0440\u0435\u0435\u0437\u0434, \u043f\u0435\u0440\u0435\u0435\u0437\u0434\u044b, \u0433\u0440\u0443\u0437\u0447\u0438\u043a\u0438, \u0442\u0440\u0430\u043d\u0441\u043f\u043e\u0440\u0442 \u041f\u043e\u043c\u043e\u0449\u044c \u043f\u0440\u0438 \u043f\u0435\u0440\u0435\u0435\u0437\u0434\u0435, \u0441\u0434\u0435\u043b\u0430\u0435\u043c \u043f\u0435\u0440\u0435\u0435\u0437\u0434 \u043a\u0432\u0430\u0440\u0442\u0438\u0440\u0435, \u043e\u0444\u0438\u0441\u0443, \u043f\u0440\u043e\u0441\u0442\u043e \u043f\u0435\u0440\u0435\u0432\u0435\u0437\u0435\u043c \u0432\u0435\u0449\u0438 \u043b\u044e\u0431\u044b\u0445 \u0433\u0430\u0431\u0430\u0440\u0438\u0442\u043e\u0432, \u0438\u043b\u0438 \u043f\u0440\u0438\u0432\u0435\u0437\u0435\u043c \u043a\u0443\u043f\u043b\u0435\u043d\u043d\u0443\u044e \u043c\u0435\u0431\u0435\u043b\u044c\/\u0441\u0430\u043d\u0442\u0435\u0445\u043d\u0438\u043a\u0443. \u041f\u0440\u0435\u0434\u043e\u0441\u0442\u0430\u0432\u043b\u044f\u0435\u043c \u0433\u0440\u0443\u0437\u0447\u0438\u043a\u043e\u0432 \u0432 \u043f\u043e\u043c\u043e\u0449\u044c, \u0430 \u0442\u0430\u043a\u0436\u0435 \u0432\u044b\u0432\u043e\u0437\u0438\u043c \u043c\u0443\u0441\u043e\u0440, \u043d\u0435\u043d\u0443\u0436\u043d\u0443\u044e \u043c\u0435\u0431\u0435\u043b\u044c, \u043f\u043e\u043c\u043e\u0449\u044c \u0432 \u0441\u0431\u043e\u0440\u043a\u0435 \u043c\u0435\u0431\u0435\u043b\u0438. \u041e\u0431\u0440\u0430\u0449\u0430\u0439\u0442\u0435\u0441\u044c, \u0441\u0434\u0435\u043b\u0430\u044e \u0445\u043e\u0440\u043e\u0448\u043e\u0435 \u043f\u0440\u0435\u0434\u043b\u043e\u0436\u0435\u043d\u0438\u0435 \u041f\u0440\u0435\u0434\u043e\u0441\u0442\u0430\u0432\u043b\u044f\u0435\u043c \u0443\u0441\u043b\u0443\u0433\u0438 \u043f\u043e \u043f\u0435\u0440\u0435\u0435\u0437\u0434\u0430\u043c: \u0423\u0441\u043b\u0443\u0433\u0438 \u043f\u043e \u043f\u0435\u0440\u0435\u0435\u0437\u0434\u0443 \u043a\u0432\u0430\u0440\u0442\u0438\u0440\u044b \u0423\u0441\u043b\u0443\u0433\u0438 \u043f\u043e \u043f\u0435\u0440\u0435\u0435\u0437\u0434\u0443 \u0434\u0430\u0447\u0438 \u0423\u0441\u043b\u0443\u0433\u0438 \u043f\u043e [&hellip;]","og_url":"https:\/\/kolimisteenus24.ee\/ru\/\u043f\u0435\u0440\u0435\u0435\u0437\u0434-\u043a\u0432\u0430\u0440\u0442\u0438\u0440\/","og_site_name":"Kolimisteenus, kodu ja kontori kolimine","article_publisher":"https:\/\/www.facebook.com\/uksesukseni","og_image":[{"url":"https:\/\/kolimisteenus24.ee\/wp-content\/uploads\/2016\/02\/330952.jpg","type":"","width":"","height":""}],"twitter_card":"summary_large_image","schema":{"@context":"https:\/\/schema.org","@graph":[{"@type":"WebPage","@id":"https:\/\/kolimisteenus24.ee\/ru\/%d0%bf%d0%b5%d1%80%d0%b5%d0%b5%d0%b7%d0%b4-%d0%ba%d0%b2%d0%b0%d1%80%d1%82%d0%b8%d1%80\/","url":"https:\/\/kolimisteenus24.ee\/ru\/%d0%bf%d0%b5%d1%80%d0%b5%d0%b5%d0%b7%d0%b4-%d0%ba%d0%b2%d0%b0%d1%80%d1%82%d0%b8%d1%80\/","name":"\u041f\u0435\u0440\u0435\u0435\u0437\u0434 \u043a\u0432\u0430\u0440\u0442\u0438\u0440 - Kolimisteenus, kodu ja kontori kolimine","isPartOf":{"@id":"https:\/\/kolimisteenus24.ee\/#website"},"primaryImageOfPage":{"@id":"https:\/\/kolimisteenus24.ee\/ru\/%d0%bf%d0%b5%d1%80%d0%b5%d0%b5%d0%b7%d0%b4-%d0%ba%d0%b2%d0%b0%d1%80%d1%82%d0%b8%d1%80\/#primaryimage"},"image":{"@id":"https:\/\/kolimisteenus24.ee\/ru\/%d0%bf%d0%b5%d1%80%d0%b5%d0%b5%d0%b7%d0%b4-%d0%ba%d0%b2%d0%b0%d1%80%d1%82%d0%b8%d1%80\/#primaryimage"},"thumbnailUrl":"https:\/\/kolimisteenus24.ee\/wp-content\/uploads\/2016\/02\/330952.jpg","datePublished":"2017-03-08T17:05:30+00:00","breadcrumb":{"@id":"https:\/\/kolimisteenus24.ee\/ru\/%d0%bf%d0%b5%d1%80%d0%b5%d0%b5%d0%b7%d0%b4-%d0%ba%d0%b2%d0%b0%d1%80%d1%82%d0%b8%d1%80\/#breadcrumb"},"inLanguage":"ru-RU","potentialAction":[{"@type":"ReadAction","target":["https:\/\/kolimisteenus24.ee\/ru\/%d0%bf%d0%b5%d1%80%d0%b5%d0%b5%d0%b7%d0%b4-%d0%ba%d0%b2%d0%b0%d1%80%d1%82%d0%b8%d1%80\/"]}]},{"@type":"ImageObject","inLanguage":"ru-RU","@id":"https:\/\/kolimisteenus24.ee\/ru\/%d0%bf%d0%b5%d1%80%d0%b5%d0%b5%d0%b7%d0%b4-%d0%ba%d0%b2%d0%b0%d1%80%d1%82%d0%b8%d1%80\/#primaryimage","url":"https:\/\/kolimisteenus24.ee\/wp-content\/uploads\/2016\/02\/330952.jpg","contentUrl":"https:\/\/kolimisteenus24.ee\/wp-content\/uploads\/2016\/02\/330952.jpg"},{"@type":"BreadcrumbList","@id":"https:\/\/kolimisteenus24.ee\/ru\/%d0%bf%d0%b5%d1%80%d0%b5%d0%b5%d0%b7%d0%b4-%d0%ba%d0%b2%d0%b0%d1%80%d1%82%d0%b8%d1%80\/#breadcrumb","itemListElement":[{"@type":"ListItem","position":1,"name":"Home","item":"https:\/\/kolimisteenus24.ee\/ru\/"},{"@type":"ListItem","position":2,"name":"\u041f\u0435\u0440\u0435\u0435\u0437\u0434 \u043a\u0432\u0430\u0440\u0442\u0438\u0440"}]},{"@type":"WebSite","@id":"https:\/\/kolimisteenus24.ee\/#website","url":"https:\/\/kolimisteenus24.ee\/","name":"Kolimisteenus, kodu ja kontori kolimine","description":"Kolimisteenus, kodu ja kontori kolimine","potentialAction":[{"@type":"SearchAction","target":{"@type":"EntryPoint","urlTemplate":"https:\/\/kolimisteenus24.ee\/?s={search_term_string}"},"query-input":{"@type":"PropertyValueSpecification","valueRequired":true,"valueName":"search_term_string"}}],"inLanguage":"ru-RU"}]}},"_links":{"self":[{"href":"https:\/\/kolimisteenus24.ee\/ru\/wp-json\/wp\/v2\/pages\/1149","targetHints":{"allow":["GET"]}}],"collection":[{"href":"https:\/\/kolimisteenus24.ee\/ru\/wp-json\/wp\/v2\/pages"}],"about":[{"href":"https:\/\/kolimisteenus24.ee\/ru\/wp-json\/wp\/v2\/types\/page"}],"author":[{"embeddable":true,"href":"https:\/\/kolimisteenus24.ee\/ru\/wp-json\/wp\/v2\/users\/1"}],"replies":[{"embeddable":true,"href":"https:\/\/kolimisteenus24.ee\/ru\/wp-json\/wp\/v2\/comments?post=1149"}],"version-history":[{"count":1,"href":"https:\/\/kolimisteenus24.ee\/ru\/wp-json\/wp\/v2\/pages\/1149\/revisions"}],"predecessor-version":[{"id":1150,"href":"https:\/\/kolimisteenus24.ee\/ru\/wp-json\/wp\/v2\/pages\/1149\/revisions\/1150"}],"wp:attachment":[{"href":"https:\/\/kolimisteenus24.ee\/ru\/wp-json\/wp\/v2\/media?parent=1149"}],"curies":[{"name":"wp","href":"https:\/\/api.w.org\/{rel}","templated":true}]}}